{"id":1914,"date":"2021-03-04T12:44:14","date_gmt":"2021-03-04T11:44:14","guid":{"rendered":"http:\/\/www.muveszetekvolgye.hu\/webshop\/?post_type=product&#038;p=1914"},"modified":"2026-03-01T12:35:48","modified_gmt":"2026-03-01T11:35:48","slug":"memoria-kartya-kicsiknek-es-nagyoknak","status":"publish","type":"product","link":"https:\/\/www.muveszetekvolgye.hu\/webshop\/termek\/memoria-kartya-kicsiknek-es-nagyoknak\/","title":{"rendered":"Mem\u00f3ria k\u00e1rtya kicsiknek \u00e9s nagyoknak"},"content":{"rendered":"<p>Tal\u00e1ld meg a v\u00f6lgyes ikonok p\u00e1rj\u00e1t mindenkin\u00e9l gyorsabban!<\/p>\n<p>24 darabos fa lapka, 12 p\u00e1r V\u00f6lgyikon grafik\u00e1val, M\u0171v\u00e9szetek V\u00f6lgye h\u00e1tlap log\u00f3val dobozban.<\/p>\n","protected":false},"excerpt":{"rendered":"<p>Tal\u00e1ld meg a v\u00f6lgyes ikonok p\u00e1rj\u00e1t mindenkin\u00e9l gyorsabban! 24 darabos fa lapka, 12 p\u00e1r V\u00f6lgyikon grafik\u00e1val, M\u0171v\u00e9szetek V\u00f6lgye h\u00e1tlap log\u00f3val dobozban.<\/p>\n","protected":false},"featured_media":1915,"template":"","meta":[],"_links":{"self":[{"href":"https:\/\/www.muveszetekvolgye.hu\/webshop\/wp-json\/wp\/v2\/product\/1914"}],"collection":[{"href":"https:\/\/www.muveszetekvolgye.hu\/webshop\/wp-json\/wp\/v2\/product"}],"about":[{"href":"https:\/\/www.muveszetekvolgye.hu\/webshop\/wp-json\/wp\/v2\/types\/product"}],"wp:featuredmedia":[{"embeddable":true,"href":"https:\/\/www.muveszetekvolgye.hu\/webshop\/wp-json\/wp\/v2\/media\/1915"}],"wp:attachment":[{"href":"https:\/\/www.muveszetekvolgye.hu\/webshop\/wp-json\/wp\/v2\/media?parent=1914"}],"curies":[{"name":"wp","href":"https:\/\/api.w.org\/{rel}","templated":true}]}}