{"id":2657,"date":"2022-06-30T07:51:36","date_gmt":"2022-06-30T06:51:36","guid":{"rendered":"http:\/\/www.muveszetekvolgye.hu\/webshop\/?post_type=product&#038;p=2657"},"modified":"2026-03-01T12:49:10","modified_gmt":"2026-03-01T11:49:10","slug":"ovtaska","status":"publish","type":"product","link":"https:\/\/www.muveszetekvolgye.hu\/webshop\/termek\/ovtaska\/","title":{"rendered":"\u00d6vt\u00e1ska 2022"},"content":{"rendered":"<p>100% poli\u00e9szter (mikrosz\u00e1las) \u00e1ll\u00edthat\u00f3, strapab\u00edr\u00f3 \u00f6v biztons\u00e1gi csattal, t\u00e1gas f\u0151rekesz, cipz\u00e1ras h\u00e1ts\u00f3 zseb<br \/>\nKapacit\u00e1s: 2,5 liter<br \/>\nM\u00e9ret: 38 x 14 x 8 cm<\/p>\n","protected":false},"excerpt":{"rendered":"<p>100% poli\u00e9szter (mikrosz\u00e1las) \u00e1ll\u00edthat\u00f3, strapab\u00edr\u00f3 \u00f6v biztons\u00e1gi csattal, t\u00e1gas f\u0151rekesz, cipz\u00e1ras h\u00e1ts\u00f3 zseb Kapacit\u00e1s: 2,5 liter M\u00e9ret: 38 x 14 x 8 cm<\/p>\n","protected":false},"featured_media":2658,"template":"","meta":[],"_links":{"self":[{"href":"https:\/\/www.muveszetekvolgye.hu\/webshop\/wp-json\/wp\/v2\/product\/2657"}],"collection":[{"href":"https:\/\/www.muveszetekvolgye.hu\/webshop\/wp-json\/wp\/v2\/product"}],"about":[{"href":"https:\/\/www.muveszetekvolgye.hu\/webshop\/wp-json\/wp\/v2\/types\/product"}],"wp:featuredmedia":[{"embeddable":true,"href":"https:\/\/www.muveszetekvolgye.hu\/webshop\/wp-json\/wp\/v2\/media\/2658"}],"wp:attachment":[{"href":"https:\/\/www.muveszetekvolgye.hu\/webshop\/wp-json\/wp\/v2\/media?parent=2657"}],"curies":[{"name":"wp","href":"https:\/\/api.w.org\/{rel}","templated":true}]}}