{"id":5019,"date":"2024-05-27T06:01:29","date_gmt":"2024-05-27T05:01:29","guid":{"rendered":"http:\/\/www.muveszetekvolgye.hu\/webshop\/?post_type=product&#038;p=5019"},"modified":"2026-04-09T10:52:42","modified_gmt":"2026-04-09T09:52:42","slug":"aluminium-bogre-muveszetek-volgye-logoval","status":"publish","type":"product","link":"https:\/\/www.muveszetekvolgye.hu\/webshop\/termek\/aluminium-bogre-muveszetek-volgye-logoval\/","title":{"rendered":"Aluminium b\u00f6gre M\u0171v\u00e9szetek V\u00f6lgye log\u00f3val"},"content":{"rendered":"<p>Termosz hideg \u00e9s meleg italoknak h\u0171v\u00f6s est\u00e9kre \u00e9s meleg napokra.<\/p>\n","protected":false},"excerpt":{"rendered":"<p>Termosz hideg \u00e9s meleg italoknak h\u0171v\u00f6s est\u00e9kre \u00e9s meleg napokra.<\/p>\n","protected":false},"featured_media":2685,"template":"","meta":[],"_links":{"self":[{"href":"https:\/\/www.muveszetekvolgye.hu\/webshop\/wp-json\/wp\/v2\/product\/5019"}],"collection":[{"href":"https:\/\/www.muveszetekvolgye.hu\/webshop\/wp-json\/wp\/v2\/product"}],"about":[{"href":"https:\/\/www.muveszetekvolgye.hu\/webshop\/wp-json\/wp\/v2\/types\/product"}],"wp:featuredmedia":[{"embeddable":true,"href":"https:\/\/www.muveszetekvolgye.hu\/webshop\/wp-json\/wp\/v2\/media\/2685"}],"wp:attachment":[{"href":"https:\/\/www.muveszetekvolgye.hu\/webshop\/wp-json\/wp\/v2\/media?parent=5019"}],"curies":[{"name":"wp","href":"https:\/\/api.w.org\/{rel}","templated":true}]}}