{"id":5201,"date":"2024-11-25T10:57:23","date_gmt":"2024-11-25T09:57:23","guid":{"rendered":"http:\/\/www.muveszetekvolgye.hu\/webshop\/?post_type=product&#038;p=5201"},"modified":"2025-12-04T11:59:53","modified_gmt":"2025-12-04T10:59:53","slug":"ajandek-kuponfuzet-5-napos-karacsonyi-berletcsomaghoz-2","status":"publish","type":"product","link":"https:\/\/www.muveszetekvolgye.hu\/webshop\/termek\/ajandek-kuponfuzet-5-napos-karacsonyi-berletcsomaghoz-2\/","title":{"rendered":"P\u00e1ros jegy a budapesti Zen\u00e9l\u0151 Busz j\u00e1ratunkra 5 napos Kar\u00e1csonyi b\u00e9rletcsomaghoz"},"content":{"rendered":"<p>Az 5 napos p\u00e1ros b\u00e9rletcsomagodhoz v\u00e1laszthatod ezt a k\u00fcl\u00f6nleges aj\u00e1nd\u00e9kot, amely 2 db buszjegyet tartalmaz a budapesti Zen\u00e9l\u0151 Busz j\u00e1ratokra, melyeken tavassza ind\u00edtunk a jubileumi 35. M\u0171v\u00e9szetek V\u00f6lgye k\u00fcl\u00f6nleges fell\u00e9p\u0151ivel.<\/p>\n","protected":false},"excerpt":{"rendered":"<p>Az 5 napos p\u00e1ros b\u00e9rletcsomagodhoz v\u00e1laszthatod ezt a k\u00fcl\u00f6nleges aj\u00e1nd\u00e9kot, amely 2 db buszjegyet tartalmaz a budapesti Zen\u00e9l\u0151 Busz j\u00e1ratokra, melyeken tavassza ind\u00edtunk a jubileumi 35. M\u0171v\u00e9szetek V\u00f6lgye k\u00fcl\u00f6nleges fell\u00e9p\u0151ivel.<\/p>\n","protected":false},"featured_media":6540,"template":"","meta":[],"_links":{"self":[{"href":"https:\/\/www.muveszetekvolgye.hu\/webshop\/wp-json\/wp\/v2\/product\/5201"}],"collection":[{"href":"https:\/\/www.muveszetekvolgye.hu\/webshop\/wp-json\/wp\/v2\/product"}],"about":[{"href":"https:\/\/www.muveszetekvolgye.hu\/webshop\/wp-json\/wp\/v2\/types\/product"}],"wp:featuredmedia":[{"embeddable":true,"href":"https:\/\/www.muveszetekvolgye.hu\/webshop\/wp-json\/wp\/v2\/media\/6540"}],"wp:attachment":[{"href":"https:\/\/www.muveszetekvolgye.hu\/webshop\/wp-json\/wp\/v2\/media?parent=5201"}],"curies":[{"name":"wp","href":"https:\/\/api.w.org\/{rel}","templated":true}]}}