{"id":6535,"date":"2025-11-12T12:37:22","date_gmt":"2025-11-12T11:37:22","guid":{"rendered":"http:\/\/www.muveszetekvolgye.hu\/webshop\/?post_type=product&#038;p=6535"},"modified":"2025-12-08T10:19:37","modified_gmt":"2025-12-08T09:19:37","slug":"2-db-ajandek-unisex-polo-10-napos-karacsonyi-berletcsomaghoz","status":"publish","type":"product","link":"https:\/\/www.muveszetekvolgye.hu\/webshop\/termek\/2-db-ajandek-unisex-polo-10-napos-karacsonyi-berletcsomaghoz\/","title":{"rendered":"2 db aj\u00e1nd\u00e9k Unisex p\u00f3l\u00f3 10 napos Kar\u00e1csonyi b\u00e9rletcsomaghoz"},"content":{"rendered":"<p>A 10 napos p\u00e1ros b\u00e9rletcsomagodhoz v\u00e1laszthatod a 2 db p\u00f3l\u00f3t, melynek csak a sz\u00e1ll\u00edt\u00e1si k\u00f6lts\u00e9ge terhel t\u00e9ged.<\/p>\n<p><strong>Megjegyz\u00e9sben \u00edrd meg a m\u00e9reteket!<\/strong><\/p>\n","protected":false},"excerpt":{"rendered":"<p><strong>Min\u0151s\u00e9g<\/strong><\/p>\n<ul>\n<li>100% f\u00e9lig f\u00e9s\u00fclt gy\u0171r\u0171s fon\u00e1s\u00fa pamut<\/li>\n<\/ul>\n<p><strong>St\u00edlus<\/strong><\/p>\n<ul>\n<li>A nyak\u00e1n szalaggal meger\u0151s\u00edtve<\/li>\n<li>Elaszt\u00e1nos passz\u00e9 gall\u00e9r<\/li>\n<li>R\u00f6vid ujj\u00fa<\/li>\n<li>K\u00f6rk\u00f6t\u00f6tt<\/li>\n<\/ul>\n<p><strong>Megjegyz\u00e9sben \u00edrd meg a m\u00e9reteket!<\/strong><\/p>\n","protected":false},"featured_media":6543,"template":"","meta":[],"_links":{"self":[{"href":"https:\/\/www.muveszetekvolgye.hu\/webshop\/wp-json\/wp\/v2\/product\/6535"}],"collection":[{"href":"https:\/\/www.muveszetekvolgye.hu\/webshop\/wp-json\/wp\/v2\/product"}],"about":[{"href":"https:\/\/www.muveszetekvolgye.hu\/webshop\/wp-json\/wp\/v2\/types\/product"}],"wp:featuredmedia":[{"embeddable":true,"href":"https:\/\/www.muveszetekvolgye.hu\/webshop\/wp-json\/wp\/v2\/media\/6543"}],"wp:attachment":[{"href":"https:\/\/www.muveszetekvolgye.hu\/webshop\/wp-json\/wp\/v2\/media?parent=6535"}],"curies":[{"name":"wp","href":"https:\/\/api.w.org\/{rel}","templated":true}]}}